{"id":3,"date":"2025-10-08T20:28:34","date_gmt":"2025-10-08T18:28:34","guid":{"rendered":"https:\/\/studentmalagueta.com\/?page_id=3"},"modified":"2025-10-18T15:33:56","modified_gmt":"2025-10-18T13:33:56","slug":"politique-de-confidentialite","status":"publish","type":"page","link":"https:\/\/studentmalagueta.com\/index.php\/politique-de-confidentialite\/","title":{"rendered":"Politique de confidentialit\u00e9"},"content":{"rendered":"\r\n<p>Student Malagueta S.A.R.L. A.U. (ci-apr\u00e8s &#8220;Student Malagueta&#8221; ou &#8220;l\u2019Agence&#8221;) s&#8217;engage \u00e0 prot\u00e9ger la confidentialit\u00e9 et la s\u00e9curit\u00e9 des informations personnelles de ses \u00e9tudiants et utilisateurs. Cette politique d\u00e9taille la mani\u00e8re dont nous collectons, utilisons, divulguons et prot\u00e9geons vos donn\u00e9es dans le cadre de nos services d&#8217;orientation et d&#8217;accompagnement pour les \u00e9tudes \u00e0 l&#8217;\u00e9tranger.<\/p>\r\n<p>&nbsp;<\/p>\r\n<h2 class=\"wp-block-heading\">1. Qui sommes-nous ?<\/h2>\r\n<p>&nbsp;<\/p>\r\n<p><span class=\"citation-86 citation-end-86\">Student Malagueta est une agence sp\u00e9cialis\u00e9e dans l&#8217;accompagnement des \u00e9tudiants pour leurs \u00e9tudes \u00e0 l&#8217;\u00e9tranger, notamment en Espagne et en France<\/span>.<\/p>\r\n<div class=\"source-inline-chip-container ng-star-inserted\">\u00a0<\/div>\r\n<div class=\"source-inline-chip-container ng-star-inserted\">\u00a0<\/div>\r\n<ul>\r\n<li>\r\n<p><b>Raison Sociale :<\/b> Student Malagueta S.A.R.L. <span class=\"citation-85 citation-end-85\">A.U. <\/span><\/p>\r\n<div class=\"source-inline-chip-container ng-star-inserted\">\u00a0<\/div>\r\n<\/li>\r\n<li>\r\n<p>&nbsp;<\/p>\r\n<p><b><span class=\"citation-84\">Si\u00e8ge Social :<\/span><\/b><span class=\"citation-84 citation-end-84\"> 3\u00e8me Etage, Appartement 09, Avenue Libert\u00e9, Safi &#8211; Maroc <\/span><\/p>\r\n<div class=\"source-inline-chip-container ng-star-inserted\">\u00a0<\/div>\r\n<div class=\"source-inline-chip-container ng-star-inserted\">\u00a0<\/div>\r\n<\/li>\r\n<li>\r\n<p><b>Contact :<\/b><\/p>\r\n<ul>\r\n<li>\r\n<p><span class=\"citation-83 citation-end-83\">E-mail : contact@studentmalagueta.com <\/span><span class=\"citation-82 citation-end-82\">ou student.malagueta@gmail.com <\/span><\/p>\r\n<div class=\"source-inline-chip-container ng-star-inserted\">\u00a0<\/div>\r\n<div class=\"source-inline-chip-container ng-star-inserted\">\u00a0<\/div>\r\n<div class=\"source-inline-chip-container ng-star-inserted\">\u00a0<\/div>\r\n<\/li>\r\n<li>\r\n<p><span class=\"citation-81 citation-end-81\">T\u00e9l\u00e9phone\/WhatsApp : +212 6 05 10 87 82 <\/span><\/p>\r\n<div class=\"source-inline-chip-container ng-star-inserted\">\u00a0<\/div>\r\n<div class=\"source-inline-chip-container ng-star-inserted\">\u00a0<\/div>\r\n<\/li>\r\n<li>\r\n<p><span class=\"citation-80 citation-end-80\">Fixe : +212 5 24 62 85 14 <\/span><\/p>\r\n<div class=\"source-inline-chip-container ng-star-inserted\">\u00a0<\/div>\r\n<div class=\"source-inline-chip-container ng-star-inserted\">\u00a0<\/div>\r\n<\/li>\r\n<\/ul>\r\n<\/li>\r\n<li>\r\n<p><b>Site Web :<\/b> Actuellement non disponible (mais un site peut \u00eatre mentionn\u00e9 pour la politique : <code>https:\/\/studentmalagueta.com<\/code> \u00e9tait l&#8217;adresse sugg\u00e9r\u00e9e).<\/p>\r\n<\/li>\r\n<\/ul>\r\n<p>&nbsp;<\/p>\r\n<h2>2. Collecte des Informations Personnelles<\/h2>\r\n<p>&nbsp;<\/p>\r\n<p><span class=\"citation-79 citation-end-79\">Nous collectons des informations personnelles n\u00e9cessaires pour fournir nos services d&#8217;orientation et d&#8217;accompagnement<\/span>. Ces donn\u00e9es peuvent inclure :<\/p>\r\n<div class=\"source-inline-chip-container ng-star-inserted\">\u00a0<\/div>\r\n<ul>\r\n<li>\r\n<p>&nbsp;<\/p>\r\n<p><b><span class=\"citation-78\">Informations d&#8217;Identification et de Contact :<\/span><\/b><span class=\"citation-78 citation-end-78\"> Nom, pr\u00e9nom, date de naissance, nationalit\u00e9, adresse, num\u00e9ro de t\u00e9l\u00e9phone (GSM\/WhatsApp) <\/span><span class=\"citation-77 citation-end-77\">, adresse e-mail<\/span>.<\/p>\r\n<div class=\"source-inline-chip-container ng-star-inserted\">\u00a0<\/div>\r\n<div class=\"source-inline-chip-container ng-star-inserted\">\u00a0<\/div>\r\n<\/li>\r\n<li>\r\n<p>&nbsp;<\/p>\r\n<p><b><span class=\"citation-76\">Informations Acad\u00e9miques :<\/span><\/b><span class=\"citation-76 citation-end-76\"> Dipl\u00f4mes obtenus, relev\u00e9s de notes, pr\u00e9f\u00e9rences d&#8217;\u00e9tudes (domaine : Business &amp; Management, Ing\u00e9nierie, Communication, Sciences Politiques &amp; Relations Internationales) <\/span><span class=\"citation-75 citation-end-75\">, pays d&#8217;\u00e9tude cibl\u00e9 (principalement Espagne et France)<\/span>.<\/p>\r\n<div class=\"source-inline-chip-container ng-star-inserted\">\u00a0<\/div>\r\n<div class=\"source-inline-chip-container ng-star-inserted\">\u00a0<\/div>\r\n<div class=\"source-inline-chip-container ng-star-inserted\">\u00a0<\/div>\r\n<\/li>\r\n<li>\r\n<p>&nbsp;<\/p>\r\n<p><b><span class=\"citation-74\">Informations de Visa\/Administratives :<\/span><\/b><span class=\"citation-74 citation-end-74\"> Documents n\u00e9cessaires \u00e0 la pr\u00e9paration et au suivi du dossier de demande de visa \u00e9tudiant <\/span><span class=\"citation-73 citation-end-73\">et \u00e0 l&#8217;inscription (incluant passeport, justificatifs financiers et de logement<\/span>, le cas \u00e9ch\u00e9ant).<\/p>\r\n<div class=\"source-inline-chip-container ng-star-inserted\">\u00a0<\/div>\r\n<div class=\"source-inline-chip-container ng-star-inserted\">\u00a0<\/div>\r\n<div class=\"source-inline-chip-container ng-star-inserted\">\u00a0<\/div>\r\n<\/li>\r\n<\/ul>\r\n<p>&nbsp;<\/p>\r\n<h2>3. Utilisation de vos Donn\u00e9es Personnelles<\/h2>\r\n<p>&nbsp;<\/p>\r\n<p><span class=\"citation-72 citation-end-72\">Vos donn\u00e9es sont utilis\u00e9es dans le but de vous fournir un accompagnement complet et personnalis\u00e9<\/span>:<\/p>\r\n<div class=\"source-inline-chip-container ng-star-inserted\">\u00a0<\/div>\r\n<ul>\r\n<li>\r\n<p>&nbsp;<\/p>\r\n<p><b><span class=\"citation-71\">Orientation et Conseil :<\/span><\/b><span class=\"citation-71 citation-end-71\"> Fournir des conseils acad\u00e9miques personnalis\u00e9s <\/span><span class=\"citation-70 citation-end-70\">et \u00e9laborer un plan adapt\u00e9 \u00e0 votre dossier<\/span>.<\/p>\r\n<div class=\"source-inline-chip-container ng-star-inserted\">\u00a0<\/div>\r\n<div class=\"source-inline-chip-container ng-star-inserted\">\u00a0<\/div>\r\n<\/li>\r\n<li>\r\n<p>&nbsp;<\/p>\r\n<p><b><span class=\"citation-69\">Inscription :<\/span><\/b><span class=\"citation-69 citation-end-69\"> Proc\u00e9der \u00e0 votre inscription aupr\u00e8s des \u00e9coles et universit\u00e9s partenaires <\/span><span class=\"citation-68 citation-end-68\">(par exemple, OMNES EDUCATION <\/span><span class=\"citation-67 citation-end-67\">ou des partenaires en Espagne <\/span>).<\/p>\r\n<div class=\"source-inline-chip-container ng-star-inserted\">\u00a0<\/div>\r\n<div class=\"source-inline-chip-container ng-star-inserted\">\u00a0<\/div>\r\n<div class=\"source-inline-chip-container ng-star-inserted\">\u00a0<\/div>\r\n<\/li>\r\n<li>\r\n<p>&nbsp;<\/p>\r\n<p><b><span class=\"citation-66\">Dossier de Visa :<\/span><\/b><span class=\"citation-66 citation-end-66\"> Pr\u00e9parer, soumettre et suivre votre dossier de demande de visa \u00e9tudiant <\/span><span class=\"citation-65 citation-end-65\">, en s&#8217;assurant de sa conformit\u00e9 aux normes consulaires<\/span>.<\/p>\r\n<div class=\"source-inline-chip-container ng-star-inserted\">\u00a0<\/div>\r\n<div class=\"source-inline-chip-container ng-star-inserted\">\u00a0<\/div>\r\n<div class=\"source-inline-chip-container ng-star-inserted\">\u00a0<\/div>\r\n<\/li>\r\n<li>\r\n<p>&nbsp;<\/p>\r\n<p><b><span class=\"citation-64\">Logistique :<\/span><\/b><span class=\"citation-64 citation-end-64\"> Assister pour la recherche de logement <\/span><span class=\"citation-63 citation-end-63\">et l&#8217;accompagnement administratif et logistique<\/span>.<\/p>\r\n<div class=\"source-inline-chip-container ng-star-inserted\">\u00a0<\/div>\r\n<div class=\"source-inline-chip-container ng-star-inserted\">\u00a0<\/div>\r\n<\/li>\r\n<li>\r\n<p><b>Communication :<\/b> Vous contacter pour le suivi de votre dossier ou des informations pertinentes.<\/p>\r\n<\/li>\r\n<\/ul>\r\n<p>&nbsp;<\/p>\r\n<h2>4. Transmission de vos Donn\u00e9es<\/h2>\r\n<p>&nbsp;<\/p>\r\n<p>Nous divulguons vos donn\u00e9es personnelles uniquement lorsque cela est n\u00e9cessaire pour l&#8217;ex\u00e9cution de nos services :<\/p>\r\n<ul>\r\n<li>\r\n<p>&nbsp;<\/p>\r\n<p><b><span class=\"citation-62\">Institutions \u00c9ducatives Partenaires :<\/span><\/b><span class=\"citation-62 citation-end-62\"> Nous transmettons votre dossier acad\u00e9mique aux \u00e9tablissements d&#8217;enseignement sup\u00e9rieurs partenaires (en France, Espagne, ou autres pays <\/span>) pour votre admission.<\/p>\r\n<div class=\"source-inline-chip-container ng-star-inserted\">\u00a0<\/div>\r\n<div class=\"source-inline-chip-container ng-star-inserted\">\u00a0<\/div>\r\n<\/li>\r\n<li>\r\n<p>&nbsp;<\/p>\r\n<p><b><span class=\"citation-61\">Autorit\u00e9s :<\/span><\/b><span class=\"citation-61 citation-end-61\"> Dans le cadre de la demande de visa \u00e9tudiant, vos informations sont transmises aux organismes gouvernementaux et consulaires concern\u00e9s (par exemple, Campus France Maroc <\/span> ou les services consulaires).<\/p>\r\n<div class=\"source-inline-chip-container ng-star-inserted\">\u00a0<\/div>\r\n<\/li>\r\n<li>\r\n<p><b>Prestataires de Services :<\/b> Nous pouvons partager vos donn\u00e9es avec des prestataires tiers (tels que pour l&#8217;assistance logement ou la traduction), uniquement si cela est indispensable \u00e0 notre accompagnement.<\/p>\r\n<\/li>\r\n<\/ul>\r\n<p>&nbsp;<\/p>\r\n<h2>5. Dur\u00e9es de Stockage de vos Donn\u00e9es<\/h2>\r\n<p>&nbsp;<\/p>\r\n<p><span class=\"citation-60 citation-end-60\">Nous conservons vos donn\u00e9es personnelles tant que n\u00e9cessaire pour l&#8217;accomplissement des fins pour lesquelles elles ont \u00e9t\u00e9 collect\u00e9es (par exemple, jusqu&#8217;\u00e0 l&#8217;obtention de votre visa et l&#8217;installation \u00e0 l&#8217;\u00e9tranger)<\/span>, ainsi que pour respecter nos obligations l\u00e9gales et administratives.<\/p>\r\n<div class=\"source-inline-chip-container ng-star-inserted\">\u00a0<\/div>\r\n<p>&nbsp;<\/p>\r\n<h2>6. S\u00e9curit\u00e9 des Donn\u00e9es<\/h2>\r\n<p>&nbsp;<\/p>\r\n<p>Student Malagueta met en \u0153uvre des mesures de s\u00e9curit\u00e9 pour prot\u00e9ger vos informations contre l&#8217;acc\u00e8s, la divulgation, l&#8217;alt\u00e9ration ou la destruction non autoris\u00e9s.<\/p>\r\n<p>&nbsp;<\/p>\r\n<h2>7. Vos Droits<\/h2>\r\n<p>&nbsp;<\/p>\r\n<p>Conform\u00e9ment \u00e0 la l\u00e9gislation applicable, vous disposez d&#8217;un droit d&#8217;acc\u00e8s, de rectification et de suppression des donn\u00e9es vous concernant. <span class=\"citation-59 citation-end-59\">Pour exercer ces droits, veuillez contacter le Directeur G\u00e9n\u00e9ral, Achraf Chennani <\/span><span class=\"citation-58 citation-end-58\">, par e-mail \u00e0 contact@studentmalagueta.com<\/span>.<\/p>","protected":false},"excerpt":{"rendered":"<p>Student Malagueta S.A.R.L. A.U. (ci-apr\u00e8s &#8220;Student Malagueta&#8221; ou &#8220;l\u2019Agence&#8221;) s&#8217;engage \u00e0 prot\u00e9ger la confidentialit\u00e9 et la s\u00e9curit\u00e9 des informations personnelles de ses \u00e9tudiants et utilisateurs. Cette politique d\u00e9taille la mani\u00e8re dont nous collectons, utilisons, divulguons et prot\u00e9geons vos donn\u00e9es dans le cadre de nos services d&#8217;orientation et d&#8217;accompagnement pour les \u00e9tudes \u00e0 l&#8217;\u00e9tranger. &nbsp; 1.<\/p>\n","protected":false},"author":1,"featured_media":0,"parent":0,"menu_order":0,"comment_status":"closed","ping_status":"closed","template":"","meta":{"inline_featured_image":false,"_monsterinsights_skip_tracking":false,"_monsterinsights_sitenote_active":false,"_monsterinsights_sitenote_note":"","_monsterinsights_sitenote_category":0,"footnotes":""},"class_list":["post-3","page","type-page","status-publish","hentry"],"aioseo_notices":[],"yoast_head":"<!-- This site is optimized with the Yoast SEO plugin v26.1.1 - https:\/\/yoast.com\/wordpress\/plugins\/seo\/ -->\n<title>Politique de confidentialit\u00e9 - Student Malagueta<\/title>\n<meta name=\"robots\" content=\"index, follow, max-snippet:-1, max-image-preview:large, max-video-preview:-1\" \/>\n<link rel=\"canonical\" href=\"https:\/\/studentmalagueta.com\/index.php\/politique-de-confidentialite\/\" \/>\n<meta property=\"og:locale\" content=\"fr_FR\" \/>\n<meta property=\"og:type\" content=\"article\" \/>\n<meta property=\"og:title\" content=\"Politique de confidentialit\u00e9 - Student Malagueta\" \/>\n<meta property=\"og:description\" content=\"Student Malagueta S.A.R.L. A.U. (ci-apr\u00e8s &#8220;Student Malagueta&#8221; ou &#8220;l\u2019Agence&#8221;) s&#8217;engage \u00e0 prot\u00e9ger la confidentialit\u00e9 et la s\u00e9curit\u00e9 des informations personnelles de ses \u00e9tudiants et utilisateurs. Cette politique d\u00e9taille la mani\u00e8re dont nous collectons, utilisons, divulguons et prot\u00e9geons vos donn\u00e9es dans le cadre de nos services d&#8217;orientation et d&#8217;accompagnement pour les \u00e9tudes \u00e0 l&#8217;\u00e9tranger. &nbsp; 1.\" \/>\n<meta property=\"og:url\" content=\"https:\/\/studentmalagueta.com\/index.php\/politique-de-confidentialite\/\" \/>\n<meta property=\"og:site_name\" content=\"Student Malagueta\" \/>\n<meta property=\"article:modified_time\" content=\"2025-10-18T13:33:56+00:00\" \/>\n<meta name=\"twitter:card\" content=\"summary_large_image\" \/>\n<meta name=\"twitter:label1\" content=\"Dur\u00e9e de lecture estim\u00e9e\" \/>\n\t<meta name=\"twitter:data1\" content=\"3 minutes\" \/>\n<script type=\"application\/ld+json\" class=\"yoast-schema-graph\">{\"@context\":\"https:\/\/schema.org\",\"@graph\":[{\"@type\":\"WebPage\",\"@id\":\"https:\/\/studentmalagueta.com\/index.php\/politique-de-confidentialite\/\",\"url\":\"https:\/\/studentmalagueta.com\/index.php\/politique-de-confidentialite\/\",\"name\":\"Politique de confidentialit\u00e9 - Student Malagueta\",\"isPartOf\":{\"@id\":\"https:\/\/studentmalagueta.com\/#website\"},\"datePublished\":\"2025-10-08T18:28:34+00:00\",\"dateModified\":\"2025-10-18T13:33:56+00:00\",\"breadcrumb\":{\"@id\":\"https:\/\/studentmalagueta.com\/index.php\/politique-de-confidentialite\/#breadcrumb\"},\"inLanguage\":\"fr-FR\",\"potentialAction\":[{\"@type\":\"ReadAction\",\"target\":[\"https:\/\/studentmalagueta.com\/index.php\/politique-de-confidentialite\/\"]}]},{\"@type\":\"BreadcrumbList\",\"@id\":\"https:\/\/studentmalagueta.com\/index.php\/politique-de-confidentialite\/#breadcrumb\",\"itemListElement\":[{\"@type\":\"ListItem\",\"position\":1,\"name\":\"Accueil\",\"item\":\"https:\/\/studentmalagueta.com\/\"},{\"@type\":\"ListItem\",\"position\":2,\"name\":\"Politique de confidentialit\u00e9\"}]},{\"@type\":\"WebSite\",\"@id\":\"https:\/\/studentmalagueta.com\/#website\",\"url\":\"https:\/\/studentmalagueta.com\/\",\"name\":\"Student Malagueta\",\"description\":\"\",\"potentialAction\":[{\"@type\":\"SearchAction\",\"target\":{\"@type\":\"EntryPoint\",\"urlTemplate\":\"https:\/\/studentmalagueta.com\/?s={search_term_string}\"},\"query-input\":{\"@type\":\"PropertyValueSpecification\",\"valueRequired\":true,\"valueName\":\"search_term_string\"}}],\"inLanguage\":\"fr-FR\"}]}<\/script>\n<!-- \/ Yoast SEO plugin. -->","yoast_head_json":{"title":"Politique de confidentialit\u00e9 - Student Malagueta","robots":{"index":"index","follow":"follow","max-snippet":"max-snippet:-1","max-image-preview":"max-image-preview:large","max-video-preview":"max-video-preview:-1"},"canonical":"https:\/\/studentmalagueta.com\/index.php\/politique-de-confidentialite\/","og_locale":"fr_FR","og_type":"article","og_title":"Politique de confidentialit\u00e9 - Student Malagueta","og_description":"Student Malagueta S.A.R.L. A.U. (ci-apr\u00e8s &#8220;Student Malagueta&#8221; ou &#8220;l\u2019Agence&#8221;) s&#8217;engage \u00e0 prot\u00e9ger la confidentialit\u00e9 et la s\u00e9curit\u00e9 des informations personnelles de ses \u00e9tudiants et utilisateurs. Cette politique d\u00e9taille la mani\u00e8re dont nous collectons, utilisons, divulguons et prot\u00e9geons vos donn\u00e9es dans le cadre de nos services d&#8217;orientation et d&#8217;accompagnement pour les \u00e9tudes \u00e0 l&#8217;\u00e9tranger. &nbsp; 1.","og_url":"https:\/\/studentmalagueta.com\/index.php\/politique-de-confidentialite\/","og_site_name":"Student Malagueta","article_modified_time":"2025-10-18T13:33:56+00:00","twitter_card":"summary_large_image","twitter_misc":{"Dur\u00e9e de lecture estim\u00e9e":"3 minutes"},"schema":{"@context":"https:\/\/schema.org","@graph":[{"@type":"WebPage","@id":"https:\/\/studentmalagueta.com\/index.php\/politique-de-confidentialite\/","url":"https:\/\/studentmalagueta.com\/index.php\/politique-de-confidentialite\/","name":"Politique de confidentialit\u00e9 - Student Malagueta","isPartOf":{"@id":"https:\/\/studentmalagueta.com\/#website"},"datePublished":"2025-10-08T18:28:34+00:00","dateModified":"2025-10-18T13:33:56+00:00","breadcrumb":{"@id":"https:\/\/studentmalagueta.com\/index.php\/politique-de-confidentialite\/#breadcrumb"},"inLanguage":"fr-FR","potentialAction":[{"@type":"ReadAction","target":["https:\/\/studentmalagueta.com\/index.php\/politique-de-confidentialite\/"]}]},{"@type":"BreadcrumbList","@id":"https:\/\/studentmalagueta.com\/index.php\/politique-de-confidentialite\/#breadcrumb","itemListElement":[{"@type":"ListItem","position":1,"name":"Accueil","item":"https:\/\/studentmalagueta.com\/"},{"@type":"ListItem","position":2,"name":"Politique de confidentialit\u00e9"}]},{"@type":"WebSite","@id":"https:\/\/studentmalagueta.com\/#website","url":"https:\/\/studentmalagueta.com\/","name":"Student Malagueta","description":"","potentialAction":[{"@type":"SearchAction","target":{"@type":"EntryPoint","urlTemplate":"https:\/\/studentmalagueta.com\/?s={search_term_string}"},"query-input":{"@type":"PropertyValueSpecification","valueRequired":true,"valueName":"search_term_string"}}],"inLanguage":"fr-FR"}]}},"_links":{"self":[{"href":"https:\/\/studentmalagueta.com\/index.php\/wp-json\/wp\/v2\/pages\/3","targetHints":{"allow":["GET"]}}],"collection":[{"href":"https:\/\/studentmalagueta.com\/index.php\/wp-json\/wp\/v2\/pages"}],"about":[{"href":"https:\/\/studentmalagueta.com\/index.php\/wp-json\/wp\/v2\/types\/page"}],"author":[{"embeddable":true,"href":"https:\/\/studentmalagueta.com\/index.php\/wp-json\/wp\/v2\/users\/1"}],"replies":[{"embeddable":true,"href":"https:\/\/studentmalagueta.com\/index.php\/wp-json\/wp\/v2\/comments?post=3"}],"version-history":[{"count":2,"href":"https:\/\/studentmalagueta.com\/index.php\/wp-json\/wp\/v2\/pages\/3\/revisions"}],"predecessor-version":[{"id":1591,"href":"https:\/\/studentmalagueta.com\/index.php\/wp-json\/wp\/v2\/pages\/3\/revisions\/1591"}],"wp:attachment":[{"href":"https:\/\/studentmalagueta.com\/index.php\/wp-json\/wp\/v2\/media?parent=3"}],"curies":[{"name":"wp","href":"https:\/\/api.w.org\/{rel}","templated":true}]}}