{"id":1209,"date":"2024-09-24T08:13:54","date_gmt":"2024-09-24T08:13:54","guid":{"rendered":"https:\/\/modinatheme.com\/visaland\/?page_id=1209"},"modified":"2025-10-18T15:23:45","modified_gmt":"2025-10-18T13:23:45","slug":"about","status":"publish","type":"page","link":"https:\/\/studentmalagueta.com\/index.php\/about\/","title":{"rendered":"About"},"content":{"rendered":"\t\t<div data-elementor-type=\"wp-page\" data-elementor-id=\"1209\" class=\"elementor elementor-1209\">\n\t\t\t\t<div class=\"elementor-element elementor-element-6c0213e e-flex e-con-boxed e-con e-parent\" data-id=\"6c0213e\" data-element_type=\"container\">\n\t\t\t\t\t<div class=\"e-con-inner\">\n\t\t<div class=\"elementor-element elementor-element-a99e513 e-con-full e-flex e-con e-child\" data-id=\"a99e513\" data-element_type=\"container\">\n\t\t\t\t<div class=\"elementor-element elementor-element-f373ec6 elementor-widget elementor-widget-visaland-image-styles-widget\" data-id=\"f373ec6\" data-element_type=\"widget\" data-widget_type=\"visaland-image-styles-widget.default\">\n\t\t\t\t<div class=\"elementor-widget-container\">\n\t\t\t\t\t\r\n\t\r\n\r\n\t<div class=\"about-wrapper\">\r\n\t\t<div class=\"about-image-items\">\r\n\t\t\t<div class=\"border-shape\">\r\n\t\t\t   \r\n\t\t\t\t<img decoding=\"async\" src=\"https:\/\/studentmalagueta.com\/php_assets\/uploads\/2024\/09\/border-shape.png\" alt=\"\"\/>\r\n\t\t\t\t\t\t<\/div>\r\n\t\t\t<div class=\"about-image bg-cover wow fadeInLeft\" data-wow-delay=\".3s\" style=\"background-image: url('https:\/\/studentmalagueta.com\/php_assets\/uploads\/2024\/09\/about-new.jpg');\">\r\n\t\t\t\t<div class=\"about-image-2 wow fadeInUp\" data-wow-delay=\".5s\">\r\n\t\t\t\t   \r\n\t\t\t\t\t<img decoding=\"async\" src=\"https:\/\/studentmalagueta.com\/php_assets\/uploads\/2024\/09\/about-2.jpg\" alt=\"\"\/>\r\n\t\t\t\t\t\t\t\t<\/div>\r\n\t\t\t<\/div>\r\n\t\t<\/div>\r\n\t<\/div>\r\n\r\n\t\r\n             \r\n\t\t\t\t\t\t<\/div>\n\t\t\t\t<\/div>\n\t\t\t\t<\/div>\n\t\t<div class=\"elementor-element elementor-element-d8c4970 e-con-full e-flex e-con e-child\" data-id=\"d8c4970\" data-element_type=\"container\">\n\t\t\t\t<div class=\"elementor-element elementor-element-387b162 elementor-widget elementor-widget-visaland-heading-title-widget\" data-id=\"387b162\" data-element_type=\"widget\" data-widget_type=\"visaland-heading-title-widget.default\">\n\t\t\t\t<div class=\"elementor-widget-container\">\n\t\t\t\t\t\r\n\t\r\n\r\n\t<div class=\"section-title\">\r\n\t\t<span class=\"wow fadeInUp\">Votre Partenaire de Confiance pour les \u00c9tudes \u00e0 l'\u00c9tranger<\/span>\r\n\t\t<h2 class=\"title-anim\">\r\n\t\t\tBienvenue chez Student Malagueta\t\t<\/h2>\r\n\t<\/div>\r\n\r\n\t\r\n             \r\n\t\t\t\t\t\t<\/div>\n\t\t\t\t<\/div>\n\t\t\t\t<div class=\"elementor-element elementor-element-a6f4f08 elementor-widget elementor-widget-text-editor\" data-id=\"a6f4f08\" data-element_type=\"widget\" data-widget_type=\"text-editor.default\">\n\t\t\t\t\t\t\t\t\t<p><span class=\"citation-126 citation-end-126\">Student Malagueta est une agence sp\u00e9cialis\u00e9e dans l&#8217;accompagnement des \u00e9tudiants qui souhaitent poursuivre leurs \u00e9tudes \u00e0 l&#8217;\u00e9tranger, notamment en Espagne et en France<\/span>.<\/p>\t\t\t\t\t\t\t\t<\/div>\n\t\t\t\t<div class=\"elementor-element elementor-element-76843fd elementor-widget elementor-widget-visaland-progress-bar-widget\" data-id=\"76843fd\" data-element_type=\"widget\" data-widget_type=\"visaland-progress-bar-widget.default\">\n\t\t\t\t<div class=\"elementor-widget-container\">\n\t\t\t\t\t\r\n\r\n\t <script>\r\n jQuery(document).ready(function($)\r\n {\r\n\r\n\/\/put the js code under this line \r\n\r\nif ($(\".circle-bar\").length > 0) {\r\n      $(\".circle-bar\").loading();\r\n  }\r\n\r\n\/\/put the code above the line \r\n\r\n  });\r\n<\/script>\r\n\t\r\n\r\n\t<div class=\"about-wrapper\">\r\n\t\t<div class=\"about-content\">\r\n\t\t\t<div class=\"circle-progress-bar-wrapper mt-0\">\r\n\t\t\t\t\t\r\n\t\t\t\t<div class=\"single-circle-bar wow fadeInUp\" data-wow-delay=\".3s\">\r\n\t\t\t\t\t<div class=\"circle-bar\" data-percent=\"99\" data-duration=\"1000\">\r\n\t\t\t\t\t<\/div>\r\n\t\t\t\t\t<div class=\"content\">\r\n\t\t\t\t\t\t<h6>\r\n\t\t\t\t\t\t\t Des dizaines <br>de Visas\t\t\t\t\t\t<\/h6>\r\n\t\t\t\t\t<\/div>\r\n\t\t\t\t<\/div>\r\n\t\t\t\t\t\r\n\t\t\t\t<div class=\"single-circle-bar wow fadeInUp\" data-wow-delay=\".3s\">\r\n\t\t\t\t\t<div class=\"circle-bar\" data-percent=\"100\" data-duration=\"1000\">\r\n\t\t\t\t\t<\/div>\r\n\t\t\t\t\t<div class=\"content\">\r\n\t\t\t\t\t\t<h6>\r\n\t\t\t\t\t\t\tDe Conformit\u00e9\t\t\t\t\t\t<\/h6>\r\n\t\t\t\t\t<\/div>\r\n\t\t\t\t<\/div>\r\n\t\t\t\t\t\t\t<\/div>\r\n\t\t<\/div>\r\n\t<\/div>\r\n\r\n\t\t\r\n             \r\n\t\t\t\t\t\t<\/div>\n\t\t\t\t<\/div>\n\t\t\t\t<div class=\"elementor-element elementor-element-4a5ee93 elementor-icon-list--layout-traditional elementor-list-item-link-full_width elementor-widget elementor-widget-icon-list\" data-id=\"4a5ee93\" data-element_type=\"widget\" data-widget_type=\"icon-list.default\">\n\t\t\t\t\t\t\t<ul class=\"elementor-icon-list-items\">\n\t\t\t\t\t\t\t<li class=\"elementor-icon-list-item\">\n\t\t\t\t\t\t\t\t\t\t\t<span class=\"elementor-icon-list-icon\">\n\t\t\t\t\t\t\t<svg aria-hidden=\"true\" class=\"e-font-icon-svg e-fas-check\" viewBox=\"0 0 512 512\" xmlns=\"http:\/\/www.w3.org\/2000\/svg\"><path d=\"M173.898 439.404l-166.4-166.4c-9.997-9.997-9.997-26.206 0-36.204l36.203-36.204c9.997-9.998 26.207-9.998 36.204 0L192 312.69 432.095 72.596c9.997-9.997 26.207-9.997 36.204 0l36.203 36.204c9.997 9.997 9.997 26.206 0 36.204l-294.4 294.401c-9.998 9.997-26.207 9.997-36.204-.001z\"><\/path><\/svg>\t\t\t\t\t\t<\/span>\n\t\t\t\t\t\t\t\t\t\t<span class=\"elementor-icon-list-text\">Expertise Visa \u00c9tudiant<\/span>\n\t\t\t\t\t\t\t\t\t<\/li>\n\t\t\t\t\t\t\t\t<li class=\"elementor-icon-list-item\">\n\t\t\t\t\t\t\t\t\t\t\t<span class=\"elementor-icon-list-icon\">\n\t\t\t\t\t\t\t<svg aria-hidden=\"true\" class=\"e-font-icon-svg e-fas-check\" viewBox=\"0 0 512 512\" xmlns=\"http:\/\/www.w3.org\/2000\/svg\"><path d=\"M173.898 439.404l-166.4-166.4c-9.997-9.997-9.997-26.206 0-36.204l36.203-36.204c9.997-9.998 26.207-9.998 36.204 0L192 312.69 432.095 72.596c9.997-9.997 26.207-9.997 36.204 0l36.203 36.204c9.997 9.997 9.997 26.206 0 36.204l-294.4 294.401c-9.998 9.997-26.207 9.997-36.204-.001z\"><\/path><\/svg>\t\t\t\t\t\t<\/span>\n\t\t\t\t\t\t\t\t\t\t<span class=\"elementor-icon-list-text\">Partenariats Officiels<\/span>\n\t\t\t\t\t\t\t\t\t<\/li>\n\t\t\t\t\t\t\t\t<li class=\"elementor-icon-list-item\">\n\t\t\t\t\t\t\t\t\t\t\t<span class=\"elementor-icon-list-icon\">\n\t\t\t\t\t\t\t<svg aria-hidden=\"true\" class=\"e-font-icon-svg e-fas-check\" viewBox=\"0 0 512 512\" xmlns=\"http:\/\/www.w3.org\/2000\/svg\"><path d=\"M173.898 439.404l-166.4-166.4c-9.997-9.997-9.997-26.206 0-36.204l36.203-36.204c9.997-9.998 26.207-9.998 36.204 0L192 312.69 432.095 72.596c9.997-9.997 26.207-9.997 36.204 0l36.203 36.204c9.997 9.997 9.997 26.206 0 36.204l-294.4 294.401c-9.998 9.997-26.207 9.997-36.204-.001z\"><\/path><\/svg>\t\t\t\t\t\t<\/span>\n\t\t\t\t\t\t\t\t\t\t<span class=\"elementor-icon-list-text\">Accompagnement Complet<\/span>\n\t\t\t\t\t\t\t\t\t<\/li>\n\t\t\t\t\t\t<\/ul>\n\t\t\t\t\t\t<\/div>\n\t\t<div class=\"elementor-element elementor-element-b9646b0 e-con-full e-flex e-con e-child\" data-id=\"b9646b0\" data-element_type=\"container\">\n\t\t\t\t<div class=\"elementor-element elementor-element-ebda783 elementor-widget elementor-widget-visaland-theme-button-widget\" data-id=\"ebda783\" data-element_type=\"widget\" data-widget_type=\"visaland-theme-button-widget.default\">\n\t\t\t\t<div class=\"elementor-widget-container\">\n\t\t\t\t\t\r\n\t\r\n\r\n\t<div class=\"about-button wow fadeInUp\" data-wow-delay=\".8s\">\r\n\t\t<a href=\"https:\/\/studentmalagueta.com\/index.php\/contact\/\" class=\"theme-btn\">\r\n\t\t\t<span>\r\n\t\t\tContact Nous\t\t\t\t<i class=\"fas fa-chevron-right\"><\/i>\r\n\t\t\t<\/span>\r\n\t\t<\/a>\r\n\t<\/div>\r\n\r\n\t\r\n\r\n             \r\n\t\t\t\t\t\t<\/div>\n\t\t\t\t<\/div>\n\t\t\t\t<\/div>\n\t\t\t\t<\/div>\n\t\t\t\t\t<\/div>\n\t\t\t\t<\/div>\n\t\t<div class=\"elementor-element elementor-element-b689c3e e-con-full e-flex e-con e-parent\" data-id=\"b689c3e\" data-element_type=\"container\">\n\t\t\t\t<div class=\"elementor-element elementor-element-3911544 elementor-widget elementor-widget-visaland-exprience-widget\" data-id=\"3911544\" data-element_type=\"widget\" data-widget_type=\"visaland-exprience-widget.default\">\n\t\t\t\t<div class=\"elementor-widget-container\">\n\t\t\t\t\t\r\n\r\n\t\r\n\r\n\t<section class=\"service-counter-section fix\">\r\n\t\t<div class=\"container\">\r\n\t\t\t<div class=\"service-counter-wrapper\">\r\n\t\t\t\t<div class=\"row\">\r\n\t\t\t\t\t<div class=\"col-lg-5\">\r\n\t\t\t\t\t\t<div class=\"service-counter-content\">\r\n\t\t\t\t\t\t\t<div class=\"section-title\">\r\n\t\t\t\t\t\t\t\t<span class=\"text-white wow fadeInUp\">5m+ Trusted Our Clients<\/span>\r\n\t\t\t\t\t\t\t\t<h2 class=\"text-white title-anim\">\r\n\t\t\t\t\t\t\t\t\tNos R\u00e9sultats en Chiffres\t\t\t\t\t\t\t\t<\/h2>\r\n\t\t\t\t\t\t\t<\/div>\r\n\t\t\t\t\t\t\t<p class=\"mt-4 mt-md-0 text-white wow fadeInUp\" data-wow-delay=\".5s\">\r\n\t\t\t\t\t\t\t\tL'Expertise Student Malagueta au Service de Votre R\u00e9ussite\t\t\t\t\t\t\t<\/p>\r\n\t\t\t\t\t\t\t<a href=\"https:\/\/studentmalagueta.com\/index.php\/contact\/\" class=\"theme-btn bg-white mt-4 wow fadeInUp\" data-wow-delay=\".7s\">\r\n\t\t\t\t\t\t\t\t<span>\r\n\t\t\t\t\t\t\t\t\tExplorer nos services\t\t\t\t\t\t\t\t\t<i class=\"fas fa-chevron-right\"><\/i>\r\n\t\t\t\t\t\t\t\t<\/span>\r\n\t\t\t\t\t\t\t<\/a>\r\n\t\t\t\t\t\t<\/div>\r\n\t\t\t\t\t<\/div>\r\n\t\t\t\t\t<div class=\"col-lg-7 mt-5 mt-lg-0\">\r\n\t\t\t\t\t\t<div class=\"row g-4\">\r\n\t\t\t\t\t\t\t\t\t\t\t\t\t\t<div class=\"col-lg-4 wow fadeInUp\" data-wow-delay=\".3s\">\r\n\t\t\t\t\t\t\t\t<div class=\"service-counter-items\">\r\n\t\t\t\t\t\t\t\t\t<div class=\"icon\">\r\n\t\t\t\t\t\t\t\t\t\t<i class=\" flaticon-traveling\"><\/i>\r\n\t\t\t\t\t\t\t\t\t<\/div>\r\n\t\t\t\t\t\t\t\t\t<div class=\"content\">\r\n\t\t\t\t\t\t\t\t\t\t<h2>\r\n\t\t\t\t\t\t\t\t\t\t\t<span class=\"count\">6<\/span>+<\/h2>\r\n\t\t\t\t\t\t\t\t\t\t<p>\r\n\t\t\t\t\t\t\t\t\t\t\tDestinations <br>Cl\u00e9s\t\t\t\t\t\t\t\t\t\t<\/p>\r\n\t\t\t\t\t\t\t\t\t<\/div>\r\n\t\t\t\t\t\t\t\t<\/div>\r\n\t\t\t\t\t\t\t<\/div>\r\n\t\t\t\t\t\t\t\t\t\t\t\t\t\t<div class=\"col-lg-4 wow fadeInUp\" data-wow-delay=\".3s\">\r\n\t\t\t\t\t\t\t\t<div class=\"service-counter-items\">\r\n\t\t\t\t\t\t\t\t\t<div class=\"icon\">\r\n\t\t\t\t\t\t\t\t\t\t<i class=\" flaticon-passport-17\"><\/i>\r\n\t\t\t\t\t\t\t\t\t<\/div>\r\n\t\t\t\t\t\t\t\t\t<div class=\"content\">\r\n\t\t\t\t\t\t\t\t\t\t<h2>\r\n\t\t\t\t\t\t\t\t\t\t\t<span class=\"count\">70<\/span>K+<\/h2>\r\n\t\t\t\t\t\t\t\t\t\t<p>\r\n\t\t\t\t\t\t\t\t\t\t\tVisas <br>Obtenus \t\t\t\t\t\t\t\t\t\t<\/p>\r\n\t\t\t\t\t\t\t\t\t<\/div>\r\n\t\t\t\t\t\t\t\t<\/div>\r\n\t\t\t\t\t\t\t<\/div>\r\n\t\t\t\t\t\t\t\t\t\t\t\t\t\t<div class=\"col-lg-4 wow fadeInUp\" data-wow-delay=\".3s\">\r\n\t\t\t\t\t\t\t\t<div class=\"service-counter-items\">\r\n\t\t\t\t\t\t\t\t\t<div class=\"icon\">\r\n\t\t\t\t\t\t\t\t\t\t<i class=\" flaticon-secure-shield\"><\/i>\r\n\t\t\t\t\t\t\t\t\t<\/div>\r\n\t\t\t\t\t\t\t\t\t<div class=\"content\">\r\n\t\t\t\t\t\t\t\t\t\t<h2>\r\n\t\t\t\t\t\t\t\t\t\t\t<span class=\"count\">99<\/span>%<\/h2>\r\n\t\t\t\t\t\t\t\t\t\t<p>\r\n\t\t\t\t\t\t\t\t\t\t\tExpertise <br>Visa\t\t\t\t\t\t\t\t\t\t<\/p>\r\n\t\t\t\t\t\t\t\t\t<\/div>\r\n\t\t\t\t\t\t\t\t<\/div>\r\n\t\t\t\t\t\t\t<\/div>\r\n\t\t\t\t\t\t\t\t\t\t\t\t\t<\/div>\r\n\t\t\t\t\t<\/div>\r\n\t\t\t\t<\/div>\r\n\t\t\t<\/div>\r\n\t\t<\/div>\r\n\t<\/section>\r\n\r\n\t\r\n\r\n             \r\n\t\t\t\t\t\t<\/div>\n\t\t\t\t<\/div>\n\t\t\t\t<\/div>\n\t\t<div class=\"elementor-element elementor-element-278d51b e-con-full e-flex e-con e-parent\" data-id=\"278d51b\" data-element_type=\"container\">\n\t\t\t\t<div class=\"elementor-element elementor-element-5e6cb30 elementor-widget elementor-widget-visaland-cta-box-widget\" data-id=\"5e6cb30\" data-element_type=\"widget\" data-widget_type=\"visaland-cta-box-widget.default\">\n\t\t\t\t<div class=\"elementor-widget-container\">\n\t\t\t\t\t\r\n\t\r\n\r\n\t\t<section class=\"cta-banner-section-4\">\r\n\t\t\t<div class=\"container\">\r\n\t\t\t\t<div class=\"cta-banner-style-1 bg-cover\" style=\"background: url('https:\/\/studentmalagueta.com\/php_assets\/uploads\/2024\/09\/banner1.jpg');\">\r\n\t\t\t\t\t<div class=\"section-title\">\r\n\t\t\t\t\t\t<span class=\"text-white wow fadeInUp\">\r\n\t\t\t\t\t\tPr\u00eat(e) \u00e0 commencer vos \u00e9tudes \u00e0 l'\u00e9tranger ?\t\t\t\t\t\t<\/span>\r\n\t\t\t\t\t\t<h2 class=\"text-white title-anim\">\r\n\t\t\t\t\t\t\tDiscutons et commen\u00e7ons les consultations sur les visas\t\t\t\t\t\t<\/h2>\r\n\t\t\t\t\t<\/div>\r\n\t\t\t\t\t<a href=\"https:\/\/studentmalagueta.com\/index.php\/contact\/\" class=\"theme-btn bg-white mt-4 wow fadeInUp\" data-wow-delay=\".5s\">\r\n\t\t\t\t\t\t<span> Consultation Gratuite<\/span>\r\n\t\t\t\t\t<\/a>\r\n\t\t\t\t<\/div>\r\n\t\t\t<\/div>\r\n\t\t<\/section>\r\n\r\n\t\r\n             \r\n\t\t\t\t\t\t<\/div>\n\t\t\t\t<\/div>\n\t\t\t\t<\/div>\n\t\t\t\t<\/div>\n\t\t","protected":false},"excerpt":{"rendered":"<p>Votre Partenaire de Confiance pour les \u00c9tudes \u00e0 l&#8217;\u00c9tranger Bienvenue chez Student Malagueta Student Malagueta est une agence sp\u00e9cialis\u00e9e dans l&#8217;accompagnement des \u00e9tudiants qui souhaitent poursuivre leurs \u00e9tudes \u00e0 l&#8217;\u00e9tranger, notamment en Espagne et en France. Des dizaines de Visas De Conformit\u00e9 Expertise Visa \u00c9tudiant Partenariats Officiels Accompagnement Complet Contact Nous 5m+ Trusted Our Clients<\/p>\n","protected":false},"author":1,"featured_media":0,"parent":0,"menu_order":0,"comment_status":"closed","ping_status":"closed","template":"elementor_header_footer","meta":{"inline_featured_image":false,"_monsterinsights_skip_tracking":false,"_monsterinsights_sitenote_active":false,"_monsterinsights_sitenote_note":"","_monsterinsights_sitenote_category":0,"footnotes":""},"class_list":["post-1209","page","type-page","status-publish","hentry"],"aioseo_notices":[],"yoast_head":"<!-- This site is optimized with the Yoast SEO plugin v26.1.1 - https:\/\/yoast.com\/wordpress\/plugins\/seo\/ -->\n<title>About - Student Malagueta<\/title>\n<meta name=\"robots\" content=\"index, follow, max-snippet:-1, max-image-preview:large, max-video-preview:-1\" \/>\n<link rel=\"canonical\" href=\"https:\/\/studentmalagueta.com\/index.php\/about\/\" \/>\n<meta property=\"og:locale\" content=\"fr_FR\" \/>\n<meta property=\"og:type\" content=\"article\" \/>\n<meta property=\"og:title\" content=\"About - Student Malagueta\" \/>\n<meta property=\"og:description\" content=\"Votre Partenaire de Confiance pour les \u00c9tudes \u00e0 l&#8217;\u00c9tranger Bienvenue chez Student Malagueta Student Malagueta est une agence sp\u00e9cialis\u00e9e dans l&#8217;accompagnement des \u00e9tudiants qui souhaitent poursuivre leurs \u00e9tudes \u00e0 l&#8217;\u00e9tranger, notamment en Espagne et en France. Des dizaines de Visas De Conformit\u00e9 Expertise Visa \u00c9tudiant Partenariats Officiels Accompagnement Complet Contact Nous 5m+ Trusted Our Clients\" \/>\n<meta property=\"og:url\" content=\"https:\/\/studentmalagueta.com\/index.php\/about\/\" \/>\n<meta property=\"og:site_name\" content=\"Student Malagueta\" \/>\n<meta property=\"article:modified_time\" content=\"2025-10-18T13:23:45+00:00\" \/>\n<meta property=\"og:image\" content=\"https:\/\/studentmalagueta.com\/php_assets\/uploads\/2024\/09\/border-shape.png\" \/>\n<meta name=\"twitter:card\" content=\"summary_large_image\" \/>\n<meta name=\"twitter:label1\" content=\"Dur\u00e9e de lecture estim\u00e9e\" \/>\n\t<meta name=\"twitter:data1\" content=\"1 minute\" \/>\n<script type=\"application\/ld+json\" class=\"yoast-schema-graph\">{\"@context\":\"https:\/\/schema.org\",\"@graph\":[{\"@type\":\"WebPage\",\"@id\":\"https:\/\/studentmalagueta.com\/index.php\/about\/\",\"url\":\"https:\/\/studentmalagueta.com\/index.php\/about\/\",\"name\":\"About - Student Malagueta\",\"isPartOf\":{\"@id\":\"https:\/\/studentmalagueta.com\/#website\"},\"primaryImageOfPage\":{\"@id\":\"https:\/\/studentmalagueta.com\/index.php\/about\/#primaryimage\"},\"image\":{\"@id\":\"https:\/\/studentmalagueta.com\/index.php\/about\/#primaryimage\"},\"thumbnailUrl\":\"https:\/\/studentmalagueta.com\/php_assets\/uploads\/2024\/09\/border-shape.png\",\"datePublished\":\"2024-09-24T08:13:54+00:00\",\"dateModified\":\"2025-10-18T13:23:45+00:00\",\"breadcrumb\":{\"@id\":\"https:\/\/studentmalagueta.com\/index.php\/about\/#breadcrumb\"},\"inLanguage\":\"fr-FR\",\"potentialAction\":[{\"@type\":\"ReadAction\",\"target\":[\"https:\/\/studentmalagueta.com\/index.php\/about\/\"]}]},{\"@type\":\"ImageObject\",\"inLanguage\":\"fr-FR\",\"@id\":\"https:\/\/studentmalagueta.com\/index.php\/about\/#primaryimage\",\"url\":\"https:\/\/studentmalagueta.com\/php_assets\/uploads\/2024\/09\/border-shape.png\",\"contentUrl\":\"https:\/\/studentmalagueta.com\/php_assets\/uploads\/2024\/09\/border-shape.png\",\"width\":419,\"height\":500},{\"@type\":\"BreadcrumbList\",\"@id\":\"https:\/\/studentmalagueta.com\/index.php\/about\/#breadcrumb\",\"itemListElement\":[{\"@type\":\"ListItem\",\"position\":1,\"name\":\"Accueil\",\"item\":\"https:\/\/studentmalagueta.com\/\"},{\"@type\":\"ListItem\",\"position\":2,\"name\":\"About\"}]},{\"@type\":\"WebSite\",\"@id\":\"https:\/\/studentmalagueta.com\/#website\",\"url\":\"https:\/\/studentmalagueta.com\/\",\"name\":\"Student Malagueta\",\"description\":\"\",\"potentialAction\":[{\"@type\":\"SearchAction\",\"target\":{\"@type\":\"EntryPoint\",\"urlTemplate\":\"https:\/\/studentmalagueta.com\/?s={search_term_string}\"},\"query-input\":{\"@type\":\"PropertyValueSpecification\",\"valueRequired\":true,\"valueName\":\"search_term_string\"}}],\"inLanguage\":\"fr-FR\"}]}<\/script>\n<!-- \/ Yoast SEO plugin. -->","yoast_head_json":{"title":"About - Student Malagueta","robots":{"index":"index","follow":"follow","max-snippet":"max-snippet:-1","max-image-preview":"max-image-preview:large","max-video-preview":"max-video-preview:-1"},"canonical":"https:\/\/studentmalagueta.com\/index.php\/about\/","og_locale":"fr_FR","og_type":"article","og_title":"About - Student Malagueta","og_description":"Votre Partenaire de Confiance pour les \u00c9tudes \u00e0 l&#8217;\u00c9tranger Bienvenue chez Student Malagueta Student Malagueta est une agence sp\u00e9cialis\u00e9e dans l&#8217;accompagnement des \u00e9tudiants qui souhaitent poursuivre leurs \u00e9tudes \u00e0 l&#8217;\u00e9tranger, notamment en Espagne et en France. Des dizaines de Visas De Conformit\u00e9 Expertise Visa \u00c9tudiant Partenariats Officiels Accompagnement Complet Contact Nous 5m+ Trusted Our Clients","og_url":"https:\/\/studentmalagueta.com\/index.php\/about\/","og_site_name":"Student Malagueta","article_modified_time":"2025-10-18T13:23:45+00:00","og_image":[{"url":"https:\/\/studentmalagueta.com\/php_assets\/uploads\/2024\/09\/border-shape.png","type":"","width":"","height":""}],"twitter_card":"summary_large_image","twitter_misc":{"Dur\u00e9e de lecture estim\u00e9e":"1 minute"},"schema":{"@context":"https:\/\/schema.org","@graph":[{"@type":"WebPage","@id":"https:\/\/studentmalagueta.com\/index.php\/about\/","url":"https:\/\/studentmalagueta.com\/index.php\/about\/","name":"About - Student Malagueta","isPartOf":{"@id":"https:\/\/studentmalagueta.com\/#website"},"primaryImageOfPage":{"@id":"https:\/\/studentmalagueta.com\/index.php\/about\/#primaryimage"},"image":{"@id":"https:\/\/studentmalagueta.com\/index.php\/about\/#primaryimage"},"thumbnailUrl":"https:\/\/studentmalagueta.com\/php_assets\/uploads\/2024\/09\/border-shape.png","datePublished":"2024-09-24T08:13:54+00:00","dateModified":"2025-10-18T13:23:45+00:00","breadcrumb":{"@id":"https:\/\/studentmalagueta.com\/index.php\/about\/#breadcrumb"},"inLanguage":"fr-FR","potentialAction":[{"@type":"ReadAction","target":["https:\/\/studentmalagueta.com\/index.php\/about\/"]}]},{"@type":"ImageObject","inLanguage":"fr-FR","@id":"https:\/\/studentmalagueta.com\/index.php\/about\/#primaryimage","url":"https:\/\/studentmalagueta.com\/php_assets\/uploads\/2024\/09\/border-shape.png","contentUrl":"https:\/\/studentmalagueta.com\/php_assets\/uploads\/2024\/09\/border-shape.png","width":419,"height":500},{"@type":"BreadcrumbList","@id":"https:\/\/studentmalagueta.com\/index.php\/about\/#breadcrumb","itemListElement":[{"@type":"ListItem","position":1,"name":"Accueil","item":"https:\/\/studentmalagueta.com\/"},{"@type":"ListItem","position":2,"name":"About"}]},{"@type":"WebSite","@id":"https:\/\/studentmalagueta.com\/#website","url":"https:\/\/studentmalagueta.com\/","name":"Student Malagueta","description":"","potentialAction":[{"@type":"SearchAction","target":{"@type":"EntryPoint","urlTemplate":"https:\/\/studentmalagueta.com\/?s={search_term_string}"},"query-input":{"@type":"PropertyValueSpecification","valueRequired":true,"valueName":"search_term_string"}}],"inLanguage":"fr-FR"}]}},"_links":{"self":[{"href":"https:\/\/studentmalagueta.com\/index.php\/wp-json\/wp\/v2\/pages\/1209","targetHints":{"allow":["GET"]}}],"collection":[{"href":"https:\/\/studentmalagueta.com\/index.php\/wp-json\/wp\/v2\/pages"}],"about":[{"href":"https:\/\/studentmalagueta.com\/index.php\/wp-json\/wp\/v2\/types\/page"}],"author":[{"embeddable":true,"href":"https:\/\/studentmalagueta.com\/index.php\/wp-json\/wp\/v2\/users\/1"}],"replies":[{"embeddable":true,"href":"https:\/\/studentmalagueta.com\/index.php\/wp-json\/wp\/v2\/comments?post=1209"}],"version-history":[{"count":16,"href":"https:\/\/studentmalagueta.com\/index.php\/wp-json\/wp\/v2\/pages\/1209\/revisions"}],"predecessor-version":[{"id":1580,"href":"https:\/\/studentmalagueta.com\/index.php\/wp-json\/wp\/v2\/pages\/1209\/revisions\/1580"}],"wp:attachment":[{"href":"https:\/\/studentmalagueta.com\/index.php\/wp-json\/wp\/v2\/media?parent=1209"}],"curies":[{"name":"wp","href":"https:\/\/api.w.org\/{rel}","templated":true}]}}